{"id":1446,"date":"2026-02-04T11:24:47","date_gmt":"2026-02-04T11:24:47","guid":{"rendered":"https:\/\/thespingranny.org\/app\/"},"modified":"2026-02-05T14:09:01","modified_gmt":"2026-02-05T14:09:01","slug":"aplikacja","status":"publish","type":"page","link":"https:\/\/thespingranny.org\/pl\/aplikacja\/","title":{"rendered":"Aplikacja"},"content":{"rendered":"<h1>Spingranny App<\/h1>\n<p>Korzystanie z Spingranny App jest dost\u0119pne na urz\u0105dzeniach mobilnych, wi\u0119c mo\u017cesz gra\u0107 bezpo\u015brednio na telefonie lub tablecie bez dodatkowej konfiguracji. Nasza strona jest w pe\u0142ni responsywna, co oznacza, \u017ce automatycznie dopasowuje si\u0119 do r\u00f3\u017cnych rozmiar\u00f3w ekran\u00f3w i typ\u00f3w urz\u0105dze\u0144. Utrzymujemy interfejs prosty i szybki, aby\u015b m\u00f3g\u0142 \u0142atwo prze\u0142\u0105cza\u0107 si\u0119 mi\u0119dzy grami a swoim kontem.<\/p>\n<div class=\"banner-wrap\" aria-label=\"Banner\"><img src=\"https:\/\/thespingranny.org\/wp-content\/uploads\/2026\/02\/Spingranny-banner-desktop.webp\" class=\"w-100 d-none d-lg-block img-pc main-banner-img\" alt=\"Spingranny banner desktop\" fetchpriority=\"high\" decoding=\"async\"><img src=\"https:\/\/thespingranny.org\/wp-content\/uploads\/2026\/02\/Spingranny-banner-mobile.webp\" class=\"w-100 d-none d-md-block d-lg-none main-banner-img\" alt=\"Spingranny banner mobile\" fetchpriority=\"high\" decoding=\"async\"><img src=\"https:\/\/thespingranny.org\/wp-content\/uploads\/2026\/02\/Spingranny-banner-mobile.webp\" class=\"w-100 d-md-none\" alt=\"Spingranny banner mobile\" fetchpriority=\"high\" decoding=\"async\"><div class=\"banner-description\">\n<div class=\"banner-title\">Bonusy powitalne<\/div>\n<p class=\"banner-header-title\">\u20ac4,500<\/p>\n<div class=\"banner-header-AdditionalText\">+ 350 Darmowe spiny<\/div>\n<button data-item=\"homepage_banner_link\" class=\"goto m-button m-gradient-border m-button--primary m-button--large banner-button btn-orange\">\n            <div class=\"m-button-content\">\n                <span>Zarejestruj si\u0119 teraz<\/span>\n                <span><\/span>\n            <\/div>\n        <\/button>\n<\/div>\n<div class=\"WelcomePack\">\n<p><img loading=\"lazy\" decoding=\"async\" class=\"alignnone size-full wp-image-1518\" src=\"https:\/\/thespingranny.org\/wp-content\/uploads\/welcome-crown.png\" alt=\"welcome-crown\" width=\"25\" height=\"26\" \/><\/p>\n<div class=\"WelcomePack-Info\">Cotygodniowy zwrot got\u00f3wki do 25%<\/div>\n<p><img loading=\"lazy\" decoding=\"async\" class=\"alignnone size-full wp-image-1518\" src=\"https:\/\/thespingranny.org\/wp-content\/uploads\/welcome-crown.png\" alt=\"welcome-crown\" width=\"25\" height=\"26\" \/><\/p>\n<\/div>\n<\/div>\n<h2>Najwa\u017cniejsze funkcje Spingranny App<\/h2>\n<p>Korzystanie z Spingranny App jest stworzone do gry w przegl\u0105darce na urz\u0105dzeniach mobilnych, wi\u0119c wszystko wczytuje si\u0119 p\u0142ynnie i dopasowuje do ekranu bez potrzeby powi\u0119kszania ani przewijania na boki. Skupiamy si\u0119 na szybkiej nawigacji i uk\u0142adzie, kt\u00f3ry pozostaje wygodny zar\u00f3wno na telefonach, jak i na tabletach.<\/p>\n<p>G\u0142\u00f3wne funkcje, kt\u00f3rych mo\u017cesz si\u0119 spodziewa\u0107:<\/p>\n<ul>\n<li>Responsywny wygl\u0105d: strona automatycznie dopasowuje si\u0119 do r\u00f3\u017cnych rozmiar\u00f3w ekran\u00f3w.<\/li>\n<li>Szybki dost\u0119p do gier: czytelne kategorie i wyszukiwanie pomagaj\u0105 szybciej znale\u017a\u0107 automaty i inne gry.<\/li>\n<li>P\u0142ynna rozgrywka: gry s\u0105 zoptymalizowane pod sterowanie dotykowe i wydajno\u015b\u0107 na urz\u0105dzeniach mobilnych.<\/li>\n<li>Proste zarz\u0105dzanie kontem: sprawdzisz saldo i dane profilu w kilku stukni\u0119ciach.<\/li>\n<li>Przyjazny dla urz\u0105dze\u0144 mobilnych proces wp\u0142aty: kroki wp\u0142aty s\u0105 zaprojektowane tak, aby \u0142atwo je wykona\u0107 na mniejszych ekranach.<\/li>\n<li>Bezpieczne opcje logowania: standardowe \u015brodki bezpiecze\u0144stwa, takie jak szyfrowane po\u0142\u0105czenia, pomagaj\u0105 chroni\u0107 Twoj\u0105 sesj\u0119.<\/li>\n<\/ul>\n<p><div class=\"scrollable-content-wrap my-5\"><div class=\"scrollable-content-inner\"><h2>Spingranny App na urz\u0105dzeniu z systemem iOS<\/h2>\n<p>Korzystanie z Spingranny App na urz\u0105dzeniach z systemem iOS jest przygotowane do p\u0142ynnej gry w przegl\u0105darce mobilnej, wi\u0119c mo\u017cesz od razu otworzy\u0107 stron\u0119 i zacz\u0105\u0107 gra\u0107 na urz\u0105dzeniu iPhone lub iPad. Utrzymujemy interfejs responsywny, dzi\u0119ki czemu przyciski, menu i ekrany gier pozostaj\u0105 wygodne w u\u017cyciu na mniejszych wy\u015bwietlaczach.<\/p>\n<p>Przydatne ustawienia systemu iOS dla lepszej gry:<\/p>\n<ul>\n<li>Je\u015bli gra si\u0119 nie wczytuje, spr\u00f3buj wy\u0142\u0105czy\u0107 blokowanie tre\u015bci dla naszej strony (blokowanie reklam mo\u017ce zak\u0142\u00f3ca\u0107 dzia\u0142anie skrypt\u00f3w gier).<\/li>\n<li>Upewnij si\u0119, \u017ce pliki ciasteczek s\u0105 dozwolone, poniewa\u017c pomagaj\u0105 utrzyma\u0107 stabiln\u0105 sesj\u0119 po zalogowaniu.<\/li>\n<li>Je\u015bli u\u017cywasz trybu niskiego zu\u017cycia energii, gra mo\u017ce dzia\u0142a\u0107 mniej p\u0142ynnie, wi\u0119c wy\u0142\u0105czenie tego trybu mo\u017ce pom\u00f3c podczas d\u0142u\u017cszych sesji.<\/li>\n<li>W przypadku niekt\u00f3rych krok\u00f3w wp\u0142aty lub weryfikacji system iOS mo\u017ce poprosi\u0107 o uprawnienia \u2014 zezwalaj na wyskakuj\u0105ce okna lub dost\u0119p do aparatu tylko wtedy, gdy wykonujesz dzia\u0142anie, kt\u00f3re sam rozpocz\u0105\u0142e\u015b.<\/li>\n<\/ul>\n<p><img loading=\"lazy\" decoding=\"async\" src=\"https:\/\/thespingranny.org\/wp-content\/uploads\/2026\/02\/Spingranny-iOS-1024x440.webp\" alt=\"iOS\" width=\"1248\" height=\"536\" \/><\/p>\n<\/div><\/div><div style=\"clear: both\"><\/div><div class=\"d-flex justify-content-center\"><button data-item=\"decouvrez_link\" data-group=\"website_links\" class=\"goto fw-bold rounded-pill btn btn-orange\" aria-label=\"Pobierz aplikacj\u0119 Spingranny\" >Pobierz aplikacj\u0119 Spingranny<\/button><\/div><div class=\"scrollable-content-wrap my-5\"><div class=\"scrollable-content-inner\"><h2>Spingranny App na urz\u0105dzeniu z systemem Android<\/h2>\n<p>Korzystanie z Spingranny App na urz\u0105dzeniach z systemem Android dzia\u0142a p\u0142ynnie w przegl\u0105darce mobilnej, wi\u0119c mo\u017cesz otworzy\u0107 nasze kasyno i zacz\u0105\u0107 gra\u0107 w kilka sekund. Zaprojektowali\u015bmy uk\u0142ad tak, aby dobrze pasowa\u0142 do ekran\u00f3w z systemem Android i \u017ceby najwa\u017cniejsze dzia\u0142ania by\u0142y \u0142atwo dost\u0119pne.<\/p>\n<p>Jak uzyska\u0107 szybki dost\u0119p na urz\u0105dzeniu z systemem Android (zalecane):<\/p>\n<ul>\n<li>Otw\u00f3rz Spingranny w przegl\u0105darce Chrome (lub innej nowoczesnej przegl\u0105darce).<\/li>\n<li>Zaloguj si\u0119 (lub za\u0142\u00f3\u017c konto) i wybierz gr\u0119.<\/li>\n<li>Dotknij menu przegl\u0105darki i wybierz opcj\u0119 dodania do ekranu g\u0142\u00f3wnego, aby mie\u0107 dost\u0119p jednym stukni\u0119ciem.<\/li>\n<li>Aktualizuj przegl\u0105dark\u0119, aby unikn\u0105\u0107 problem\u00f3w z wczytywaniem lub logowaniem.<\/li>\n<\/ul>\n<p><img decoding=\"async\" src=\"https:\/\/thespingranny.org\/wp-content\/uploads\/2026\/02\/Spingranny-Android-1024x440.webp\" alt=\"Android\" width=\"1248\" \/><\/p>\n<\/div><\/div><div style=\"clear: both\"><\/div><div class=\"d-flex justify-content-center\"><button data-item=\"decouvrez_link\" data-group=\"website_links\" class=\"goto fw-bold rounded-pill btn btn-orange\" aria-label=\"Pobierz aplikacj\u0119 Spingranny\" >Pobierz aplikacj\u0119 Spingranny<\/button><\/div><div class=\"scrollable-content-wrap my-5\"><div class=\"scrollable-content-inner\"><h2>Spingranny App na systemach Windows i macOS<\/h2>\n<p>Korzystanie z Spingranny App na systemach Windows i macOS odbywa si\u0119 w przegl\u0105darce internetowej, wi\u0119c mo\u017cesz gra\u0107 na laptopie lub komputerze stacjonarnym w widoku pe\u0142noekranowym. To przydatne, je\u015bli wolisz wi\u0119ksze okno gry, szybkie prze\u0142\u0105czanie kart i \u0142atwiejsze wpisywanie danych podczas zarz\u0105dzania kontem.<\/p>\n<p>W systemie Windows wielu graczy korzysta z przegl\u0105darki Chrome lub Edge. W systemie macOS zwykle dobrze dzia\u0142aj\u0105 przegl\u0105darki Safari i Chrome. Na przyk\u0142ad, je\u015bli automat wczytuje si\u0119 wolno albo lobby pozostaje puste, otwarcie strony w oknie prywatnym cz\u0119sto to naprawia, poniewa\u017c przegl\u0105darka uruchamia wtedy czyst\u0105 sesj\u0119.<\/p>\n<p>Je\u015bli transmisja gry na \u017cywo wygl\u0105da na rozmazan\u0105, najpierw sprawd\u017a po\u0142\u0105czenie, a potem zamknij inne wymagaj\u0105ce aplikacje (na przyk\u0142ad wideorozmowy), aby zwolni\u0107 zasoby i pr\u0119dko\u015b\u0107. A gdy dokonujesz wp\u0142aty, korzystaj z aktualnej, standardowej przegl\u0105darki \u2014 starsze wersje mog\u0105 blokowa\u0107 strony p\u0142atno\u015bci lub kontrole bezpiecze\u0144stwa.<\/p>\n<p><img loading=\"lazy\" decoding=\"async\" src=\"https:\/\/thespingranny.org\/wp-content\/uploads\/2026\/02\/Spingranny-desktop-1024x440.webp\" alt=\"desktop\" width=\"1248\" height=\"536\" \/><\/p>\n<\/div><\/div><div style=\"clear: both\"><\/div><div class=\"d-flex justify-content-center\"><button data-item=\"decouvrez_link\" data-group=\"website_links\" class=\"goto fw-bold rounded-pill btn btn-orange\" aria-label=\"Pobierz aplikacj\u0119 Spingranny\" >Pobierz aplikacj\u0119 Spingranny<\/button><\/div><div class=\"scrollable-content-wrap my-5\"><div class=\"scrollable-content-inner\"><h2>FAQ<\/h2>\n<h3>Czy korzystanie z Spingranny App jest bezpieczne?<\/h3>\n<p>Korzystanie z Spingranny App dzia\u0142a na naszej bezpiecznej platformie internetowej z szyfrowanymi po\u0142\u0105czeniami podczas logowania do konta oraz na etapach zwi\u0105zanych z p\u0142atno\u015bciami. Nadal zalecamy u\u017cywanie silnego has\u0142a i logowanie si\u0119 wy\u0142\u0105cznie z zaufanych urz\u0105dze\u0144 oraz sieci.<\/p>\n<h3>Czy mog\u0119 korzysta\u0107 z bonus\u00f3w w Spingranny App tak samo jak na komputerze?<\/h3>\n<p>Tak. Poniewa\u017c urz\u0105dzenia mobilne i komputer korzystaj\u0105 z tej samej platformy Spingranny, mo\u017cesz odbiera\u0107 promocje i u\u017cywa\u0107 kod\u00f3w bonusowych tak\u017ce na urz\u0105dzeniach mobilnych, o ile przestrzegasz aktualnie obowi\u0105zuj\u0105cych warunk\u00f3w.<\/p>\n<h3>Z jakich metod wp\u0142aty mog\u0119 korzysta\u0107 w Spingranny App?<\/h3>\n<p>Mo\u017cesz korzysta\u0107 z tych samych opcji wp\u0142aty, kt\u00f3re widzisz na swoim koncie na komputerze, ale ich dost\u0119pno\u015b\u0107 mo\u017ce si\u0119 zmienia\u0107 w zale\u017cno\u015bci od kraju i statusu weryfikacji. Najcz\u0119\u015bciej s\u0105 to karty bankowe, portfele elektroniczne, przelew bankowy lub bankowo\u015b\u0107 natychmiastowa oraz kryptowaluty, je\u015bli s\u0105 obs\u0142ugiwane.<\/p>\n<h3>Czy mog\u0119 skontaktowa\u0107 si\u0119 z pomoc\u0105 techniczn\u0105 przez Spingranny App?<\/h3>\n<p>Tak. Podczas korzystania z Spingranny App na telefonie mo\u017cesz skontaktowa\u0107 si\u0119 z nami przez czat na \u017cywo lub poczt\u0119 elektroniczn\u0105. Je\u015bli masz problem z wp\u0142at\u0105 albo pytanie dotycz\u0105ce gry, po prostu napisz do nas \u2014 zawsze jeste\u015bmy gotowi pom\u00f3c.<\/p>\n<\/div><\/div><\/p>\n","protected":false},"excerpt":{"rendered":"<p>Spingranny App Korzystanie z Spingranny App jest dost\u0119pne na urz\u0105dzeniach mobilnych, wi\u0119c mo\u017cesz gra\u0107 bezpo\u015brednio na telefonie lub tablecie bez dodatkowej konfiguracji. Nasza strona jest w pe\u0142ni responsywna, co oznacza, \u017ce automatycznie dopasowuje si\u0119 do r\u00f3\u017cnych rozmiar\u00f3w ekran\u00f3w i typ\u00f3w urz\u0105dze\u0144. Utrzymujemy interfejs prosty i szybki, aby\u015b m\u00f3g\u0142 \u0142atwo prze\u0142\u0105cza\u0107 si\u0119 mi\u0119dzy grami a swoim [&hellip;]<\/p>\n","protected":false},"author":1,"featured_media":0,"parent":0,"menu_order":0,"comment_status":"closed","ping_status":"closed","template":"template-builder.php","meta":{"_acf_changed":false,"inline_featured_image":false,"footnotes":""},"class_list":["post-1446","page","type-page","status-publish","hentry"],"acf":[],"yoast_head":"<!-- This site is optimized with the Yoast SEO plugin v27.3 - https:\/\/yoast.com\/product\/yoast-seo-wordpress\/ -->\n<title>Spingranny App: kasyno w przegl\u0105darce na Android, iOS i PC<\/title>\n<meta name=\"description\" content=\"Korzystaj ze Spingranny App na telefonie lub komputerze w nowoczesnej przegl\u0105darce. Uk\u0142ad responsywny, wygodna obs\u0142uga dotykiem, szybkie kategorie i wyszukiwarka oraz szyfrowane po\u0142\u0105czenie do dzia\u0142a\u0144 na koncie.\" \/>\n<meta name=\"robots\" content=\"index, follow, max-snippet:-1, max-image-preview:large, max-video-preview:-1\" \/>\n<link rel=\"canonical\" href=\"https:\/\/thespingranny.org\/pl\/aplikacja\/\" \/>\n<meta property=\"og:locale\" content=\"pl_PL\" \/>\n<meta property=\"og:type\" content=\"article\" \/>\n<meta property=\"og:title\" content=\"Spingranny App: kasyno w przegl\u0105darce na Android, iOS i PC\" \/>\n<meta property=\"og:description\" content=\"Korzystaj ze Spingranny App na telefonie lub komputerze w nowoczesnej przegl\u0105darce. Uk\u0142ad responsywny, wygodna obs\u0142uga dotykiem, szybkie kategorie i wyszukiwarka oraz szyfrowane po\u0142\u0105czenie do dzia\u0142a\u0144 na koncie.\" \/>\n<meta property=\"og:url\" content=\"https:\/\/thespingranny.org\/pl\/aplikacja\/\" \/>\n<meta property=\"og:site_name\" content=\"spingranny\" \/>\n<meta property=\"article:modified_time\" content=\"2026-02-05T14:09:01+00:00\" \/>\n<meta name=\"twitter:card\" content=\"summary_large_image\" \/>\n<meta name=\"twitter:label1\" content=\"Est. reading time\" \/>\n\t<meta name=\"twitter:data1\" content=\"1 minute\" \/>\n<script type=\"application\/ld+json\" class=\"yoast-schema-graph\">{\"@context\":\"https:\\\/\\\/schema.org\",\"@graph\":[{\"@type\":\"WebPage\",\"@id\":\"https:\\\/\\\/thespingranny.org\\\/pl\\\/aplikacja\\\/\",\"url\":\"https:\\\/\\\/thespingranny.org\\\/pl\\\/aplikacja\\\/\",\"name\":\"Spingranny App: kasyno w przegl\u0105darce na Android, iOS i PC\",\"isPartOf\":{\"@id\":\"https:\\\/\\\/thespingranny.org\\\/pl\\\/#website\"},\"datePublished\":\"2026-02-04T11:24:47+00:00\",\"dateModified\":\"2026-02-05T14:09:01+00:00\",\"description\":\"Korzystaj ze Spingranny App na telefonie lub komputerze w nowoczesnej przegl\u0105darce. Uk\u0142ad responsywny, wygodna obs\u0142uga dotykiem, szybkie kategorie i wyszukiwarka oraz szyfrowane po\u0142\u0105czenie do dzia\u0142a\u0144 na koncie.\",\"breadcrumb\":{\"@id\":\"https:\\\/\\\/thespingranny.org\\\/pl\\\/aplikacja\\\/#breadcrumb\"},\"inLanguage\":\"pl-PL\",\"potentialAction\":[{\"@type\":\"ReadAction\",\"target\":[\"https:\\\/\\\/thespingranny.org\\\/pl\\\/aplikacja\\\/\"]}]},{\"@type\":\"BreadcrumbList\",\"@id\":\"https:\\\/\\\/thespingranny.org\\\/pl\\\/aplikacja\\\/#breadcrumb\",\"itemListElement\":[{\"@type\":\"ListItem\",\"position\":1,\"name\":\"Spingranny\",\"item\":\"https:\\\/\\\/thespingranny.org\\\/pl\\\/\"},{\"@type\":\"ListItem\",\"position\":2,\"name\":\"Aplikacja\"}]},{\"@type\":\"WebSite\",\"@id\":\"https:\\\/\\\/thespingranny.org\\\/pl\\\/#website\",\"url\":\"https:\\\/\\\/thespingranny.org\\\/pl\\\/\",\"name\":\"Spingranny\",\"description\":\"\",\"publisher\":{\"@id\":\"https:\\\/\\\/thespingranny.org\\\/pl\\\/#organization\"},\"potentialAction\":[{\"@type\":\"SearchAction\",\"target\":{\"@type\":\"EntryPoint\",\"urlTemplate\":\"https:\\\/\\\/thespingranny.org\\\/pl\\\/?s={search_term_string}\"},\"query-input\":{\"@type\":\"PropertyValueSpecification\",\"valueRequired\":true,\"valueName\":\"search_term_string\"}}],\"inLanguage\":\"pl-PL\"},{\"@type\":\"Organization\",\"@id\":\"https:\\\/\\\/thespingranny.org\\\/pl\\\/#organization\",\"name\":\"Spingranny\",\"url\":\"https:\\\/\\\/thespingranny.org\\\/pl\\\/\",\"logo\":{\"@type\":\"ImageObject\",\"inLanguage\":\"pl-PL\",\"@id\":\"https:\\\/\\\/thespingranny.org\\\/pl\\\/#\\\/schema\\\/logo\\\/image\\\/\",\"url\":\"https:\\\/\\\/thespingranny.org\\\/wp-content\\\/uploads\\\/2025\\\/04\\\/80u1FaquEZeR6OUTeJCc.svg\",\"contentUrl\":\"https:\\\/\\\/thespingranny.org\\\/wp-content\\\/uploads\\\/2025\\\/04\\\/80u1FaquEZeR6OUTeJCc.svg\",\"width\":129,\"height\":26,\"caption\":\"Spingranny\"},\"image\":{\"@id\":\"https:\\\/\\\/thespingranny.org\\\/pl\\\/#\\\/schema\\\/logo\\\/image\\\/\"}}]}<\/script>\n<!-- \/ Yoast SEO plugin. -->","yoast_head_json":{"title":"Spingranny App: kasyno w przegl\u0105darce na Android, iOS i PC","description":"Korzystaj ze Spingranny App na telefonie lub komputerze w nowoczesnej przegl\u0105darce. Uk\u0142ad responsywny, wygodna obs\u0142uga dotykiem, szybkie kategorie i wyszukiwarka oraz szyfrowane po\u0142\u0105czenie do dzia\u0142a\u0144 na koncie.","robots":{"index":"index","follow":"follow","max-snippet":"max-snippet:-1","max-image-preview":"max-image-preview:large","max-video-preview":"max-video-preview:-1"},"canonical":"https:\/\/thespingranny.org\/pl\/aplikacja\/","og_locale":"pl_PL","og_type":"article","og_title":"Spingranny App: kasyno w przegl\u0105darce na Android, iOS i PC","og_description":"Korzystaj ze Spingranny App na telefonie lub komputerze w nowoczesnej przegl\u0105darce. Uk\u0142ad responsywny, wygodna obs\u0142uga dotykiem, szybkie kategorie i wyszukiwarka oraz szyfrowane po\u0142\u0105czenie do dzia\u0142a\u0144 na koncie.","og_url":"https:\/\/thespingranny.org\/pl\/aplikacja\/","og_site_name":"spingranny","article_modified_time":"2026-02-05T14:09:01+00:00","twitter_card":"summary_large_image","twitter_misc":{"Est. reading time":"1 minute"},"schema":{"@context":"https:\/\/schema.org","@graph":[{"@type":"WebPage","@id":"https:\/\/thespingranny.org\/pl\/aplikacja\/","url":"https:\/\/thespingranny.org\/pl\/aplikacja\/","name":"Spingranny App: kasyno w przegl\u0105darce na Android, iOS i PC","isPartOf":{"@id":"https:\/\/thespingranny.org\/pl\/#website"},"datePublished":"2026-02-04T11:24:47+00:00","dateModified":"2026-02-05T14:09:01+00:00","description":"Korzystaj ze Spingranny App na telefonie lub komputerze w nowoczesnej przegl\u0105darce. Uk\u0142ad responsywny, wygodna obs\u0142uga dotykiem, szybkie kategorie i wyszukiwarka oraz szyfrowane po\u0142\u0105czenie do dzia\u0142a\u0144 na koncie.","breadcrumb":{"@id":"https:\/\/thespingranny.org\/pl\/aplikacja\/#breadcrumb"},"inLanguage":"pl-PL","potentialAction":[{"@type":"ReadAction","target":["https:\/\/thespingranny.org\/pl\/aplikacja\/"]}]},{"@type":"BreadcrumbList","@id":"https:\/\/thespingranny.org\/pl\/aplikacja\/#breadcrumb","itemListElement":[{"@type":"ListItem","position":1,"name":"Spingranny","item":"https:\/\/thespingranny.org\/pl\/"},{"@type":"ListItem","position":2,"name":"Aplikacja"}]},{"@type":"WebSite","@id":"https:\/\/thespingranny.org\/pl\/#website","url":"https:\/\/thespingranny.org\/pl\/","name":"Spingranny","description":"","publisher":{"@id":"https:\/\/thespingranny.org\/pl\/#organization"},"potentialAction":[{"@type":"SearchAction","target":{"@type":"EntryPoint","urlTemplate":"https:\/\/thespingranny.org\/pl\/?s={search_term_string}"},"query-input":{"@type":"PropertyValueSpecification","valueRequired":true,"valueName":"search_term_string"}}],"inLanguage":"pl-PL"},{"@type":"Organization","@id":"https:\/\/thespingranny.org\/pl\/#organization","name":"Spingranny","url":"https:\/\/thespingranny.org\/pl\/","logo":{"@type":"ImageObject","inLanguage":"pl-PL","@id":"https:\/\/thespingranny.org\/pl\/#\/schema\/logo\/image\/","url":"https:\/\/thespingranny.org\/wp-content\/uploads\/2025\/04\/80u1FaquEZeR6OUTeJCc.svg","contentUrl":"https:\/\/thespingranny.org\/wp-content\/uploads\/2025\/04\/80u1FaquEZeR6OUTeJCc.svg","width":129,"height":26,"caption":"Spingranny"},"image":{"@id":"https:\/\/thespingranny.org\/pl\/#\/schema\/logo\/image\/"}}]}},"_links":{"self":[{"href":"https:\/\/thespingranny.org\/pl\/wp-json\/wp\/v2\/pages\/1446","targetHints":{"allow":["GET"]}}],"collection":[{"href":"https:\/\/thespingranny.org\/pl\/wp-json\/wp\/v2\/pages"}],"about":[{"href":"https:\/\/thespingranny.org\/pl\/wp-json\/wp\/v2\/types\/page"}],"author":[{"embeddable":true,"href":"https:\/\/thespingranny.org\/pl\/wp-json\/wp\/v2\/users\/1"}],"replies":[{"embeddable":true,"href":"https:\/\/thespingranny.org\/pl\/wp-json\/wp\/v2\/comments?post=1446"}],"version-history":[{"count":4,"href":"https:\/\/thespingranny.org\/pl\/wp-json\/wp\/v2\/pages\/1446\/revisions"}],"predecessor-version":[{"id":2015,"href":"https:\/\/thespingranny.org\/pl\/wp-json\/wp\/v2\/pages\/1446\/revisions\/2015"}],"wp:attachment":[{"href":"https:\/\/thespingranny.org\/pl\/wp-json\/wp\/v2\/media?parent=1446"}],"curies":[{"name":"wp","href":"https:\/\/api.w.org\/{rel}","templated":true}]}}