{"id":1438,"date":"2026-02-04T11:24:47","date_gmt":"2026-02-04T11:24:47","guid":{"rendered":"https:\/\/thespingranny.org\/app\/"},"modified":"2026-02-05T14:03:15","modified_gmt":"2026-02-05T14:03:15","slug":"app","status":"publish","type":"page","link":"https:\/\/thespingranny.org\/fr\/app\/","title":{"rendered":"App"},"content":{"rendered":"<h1>Spingranny App<\/h1>\n<p>L\u2019exp\u00e9rience Spingranny App est disponible sur mobile : vous pouvez donc jouer directement depuis votre t\u00e9l\u00e9phone ou votre tablette, sans configuration suppl\u00e9mentaire. Notre site s\u2019adapte enti\u00e8rement aux \u00e9crans, ce qui signifie qu\u2019il s\u2019ajuste automatiquement aux diff\u00e9rentes tailles d\u2019\u00e9cran et aux types d\u2019appareils. Nous gardons une interface simple et rapide, afin que vous puissiez passer facilement des jeux \u00e0 votre compte.<\/p>\n<div class=\"banner-wrap\" aria-label=\"Banner\"><img src=\"https:\/\/thespingranny.org\/wp-content\/uploads\/2026\/02\/Spingranny-banner-desktop.webp\" class=\"w-100 d-none d-lg-block img-pc main-banner-img\" alt=\"Spingranny banner desktop\" fetchpriority=\"high\" decoding=\"async\"><img src=\"https:\/\/thespingranny.org\/wp-content\/uploads\/2026\/02\/Spingranny-banner-mobile.webp\" class=\"w-100 d-none d-md-block d-lg-none main-banner-img\" alt=\"Spingranny banner mobile\" fetchpriority=\"high\" decoding=\"async\"><img src=\"https:\/\/thespingranny.org\/wp-content\/uploads\/2026\/02\/Spingranny-banner-mobile.webp\" class=\"w-100 d-md-none\" alt=\"Spingranny banner mobile\" fetchpriority=\"high\" decoding=\"async\"><div class=\"banner-description\">\n<div class=\"banner-title\">Bonus de bienvenue<\/div>\n<p class=\"banner-header-title\">\u20ac4,500<\/p>\n<div class=\"banner-header-AdditionalText\">+ 350 Tours gratuits<\/div>\n<button data-item=\"homepage_banner_link\" class=\"goto m-button m-gradient-border m-button--primary m-button--large banner-button btn-orange\">\n            <div class=\"m-button-content\">\n                <span>Inscrivez-vous d\u00e8s maintenant<\/span>\n                <span><\/span>\n            <\/div>\n        <\/button>\n<\/div>\n<div class=\"WelcomePack\">\n<p><img loading=\"lazy\" decoding=\"async\" class=\"alignnone size-full wp-image-1513\" src=\"https:\/\/thespingranny.org\/wp-content\/uploads\/welcome-crown.png\" alt=\"welcome-crown\" width=\"25\" height=\"26\" \/><\/p>\n<div class=\"WelcomePack-Info\">Cashback hebdomadaire jusqu&rsquo;\u00e0 25 %<\/div>\n<p><img loading=\"lazy\" decoding=\"async\" class=\"alignnone size-full wp-image-1513\" src=\"https:\/\/thespingranny.org\/wp-content\/uploads\/welcome-crown.png\" alt=\"welcome-crown\" width=\"25\" height=\"26\" \/><\/p>\n<\/div>\n<\/div>\n<h2>Principales fonctionnalit\u00e9s de la Spingranny App<\/h2>\n<p>L\u2019exp\u00e9rience Spingranny App est con\u00e7ue pour jouer depuis le navigateur mobile : tout se charge correctement et s\u2019adapte \u00e0 votre \u00e9cran, sans besoin d\u2019agrandir ni de faire d\u00e9filer horizontalement. Nous mettons l\u2019accent sur une navigation rapide et une mise en page confortable, aussi bien sur t\u00e9l\u00e9phone que sur tablette.<\/p>\n<p>Fonctionnalit\u00e9s principales auxquelles vous pouvez vous attendre :<\/p>\n<ul>\n<li>Design adaptatif : le site s\u2019ajuste automatiquement aux diff\u00e9rentes tailles d\u2019\u00e9cran.<\/li>\n<li>Acc\u00e8s rapide aux jeux : des cat\u00e9gories claires et une recherche vous aident \u00e0 trouver plus vite les machines \u00e0 sous et les autres jeux.<\/li>\n<li>Jeu fluide : les jeux sont optimis\u00e9s pour les commandes tactiles et les performances sur mobile.<\/li>\n<li>Gestion de compte simple : consultez votre solde et les d\u00e9tails de votre profil en quelques gestes.<\/li>\n<li>D\u00e9p\u00f4t adapt\u00e9 au mobile : les \u00e9tapes de d\u00e9p\u00f4t sont con\u00e7ues pour \u00eatre faciles \u00e0 compl\u00e9ter sur les petits \u00e9crans.<\/li>\n<li>Options de connexion s\u00e9curis\u00e9es : des mesures de s\u00e9curit\u00e9 \u0441\u0442\u0430\u043d\u0434\u0430\u0440\u0442, comme les connexions chiffr\u00e9es, aident \u00e0 prot\u00e9ger votre session.<\/li>\n<\/ul>\n<p><div class=\"scrollable-content-wrap my-5\"><div class=\"scrollable-content-inner\"><h2>Spingranny App pour votre appareil iOS<\/h2>\n<p>L\u2019exp\u00e9rience Spingranny App sur iOS est con\u00e7ue pour jouer de fa\u00e7on fluide dans un navigateur mobile : vous pouvez ouvrir le site et commencer \u00e0 jouer sur votre iPhone ou votre iPad imm\u00e9diatement. Nous gardons une interface adaptative, afin que les boutons, les menus et les \u00e9crans de jeu restent faciles \u00e0 utiliser sur les petits \u00e9crans.<\/p>\n<p>R\u00e9glages iOS utiles pour un meilleur confort de jeu :<\/p>\n<ul>\n<li>Si un jeu ne se charge pas, essayez de d\u00e9sactiver les bloqueurs de contenu pour notre site (les bloqueurs de publicit\u00e9s peuvent emp\u00eacher le bon fonctionnement des scripts de jeu).<\/li>\n<li>Assurez-vous que les cookies sont autoris\u00e9s, car ils aident \u00e0 garder votre session stable apr\u00e8s la connexion.<\/li>\n<li>Si vous utilisez le mode \u00e9conomie d\u2019\u00e9nergie, le jeu peut sembler moins fluide ; le d\u00e9sactiver peut aider pendant les sessions plus longues.<\/li>\n<li>Pour certaines \u00e9tapes de d\u00e9p\u00f4t ou de v\u00e9rification, iOS peut demander une autorisation : n\u2019autorisez les fen\u00eatres surgissantes ou l\u2019acc\u00e8s \u00e0 la cam\u00e9ra que lorsque vous effectuez une action que vous avez vous-m\u00eame lanc\u00e9e.<\/li>\n<\/ul>\n<p><img loading=\"lazy\" decoding=\"async\" class=\"alignnone size-full wp-image-1439\" src=\"https:\/\/thespingranny.org\/wp-content\/uploads\/2026\/02\/Spingranny-iOS.webp\" alt=\"Spingranny iOS\" width=\"1248\" height=\"536\" srcset=\"https:\/\/thespingranny.org\/wp-content\/uploads\/2026\/02\/Spingranny-iOS.webp 1248w, https:\/\/thespingranny.org\/wp-content\/uploads\/2026\/02\/Spingranny-iOS-300x129.webp 300w, https:\/\/thespingranny.org\/wp-content\/uploads\/2026\/02\/Spingranny-iOS-1024x440.webp 1024w, https:\/\/thespingranny.org\/wp-content\/uploads\/2026\/02\/Spingranny-iOS-768x330.webp 768w\" sizes=\"auto, (max-width: 1248px) 100vw, 1248px\" \/><\/p>\n<\/div><\/div><div style=\"clear: both\"><\/div><div class=\"d-flex justify-content-center\"><button data-item=\"decouvrez_link\" data-group=\"website_links\" class=\"goto fw-bold rounded-pill btn btn-orange\" aria-label=\"T\u00e9l\u00e9chargez l&#039;application Spingranny\" >T\u00e9l\u00e9chargez l&#039;application Spingranny<\/button><\/div><div class=\"scrollable-content-wrap my-5\"><div class=\"scrollable-content-inner\"><h2>Spingranny App pour votre appareil Android<\/h2>\n<p>L\u2019exp\u00e9rience Spingranny App sur Android fonctionne de fa\u00e7on fluide dans un navigateur mobile : vous pouvez ouvrir notre casino et commencer \u00e0 jouer en quelques secondes. Nous avons con\u00e7u la mise en page pour qu\u2019elle s\u2019adapte bien aux \u00e9crans Android et que les actions principales restent faciles \u00e0 atteindre.<\/p>\n<p>Comment obtenir un acc\u00e8s rapide sur Android (recommand\u00e9) :<\/p>\n<ul>\n<li>Ouvrez Spingranny dans Chrome (ou un autre navigateur moderne).<\/li>\n<li>Connectez-vous (ou cr\u00e9ez un compte) et choisissez un jeu.<\/li>\n<li>Appuyez sur le menu du navigateur et s\u00e9lectionnez \u00ab Ajouter \u00e0 l\u2019\u00e9cran d\u2019accueil \u00bb pour un acc\u00e8s en une seule pression.<\/li>\n<li>Gardez votre navigateur \u00e0 jour pour \u00e9viter les probl\u00e8mes de chargement ou de connexion.<\/li>\n<\/ul>\n<p><img loading=\"lazy\" decoding=\"async\" src=\"https:\/\/thespingranny.org\/wp-content\/uploads\/2026\/02\/Spingranny-Android-1024x440.webp\" alt=\"Android\" width=\"1248\" height=\"536\" \/><\/p>\n<\/div><\/div><div style=\"clear: both\"><\/div><div class=\"d-flex justify-content-center\"><button data-item=\"decouvrez_link\" data-group=\"website_links\" class=\"goto fw-bold rounded-pill btn btn-orange\" aria-label=\"T\u00e9l\u00e9chargez l&#039;application Spingranny\" >T\u00e9l\u00e9chargez l&#039;application Spingranny<\/button><\/div><div class=\"scrollable-content-wrap my-5\"><div class=\"scrollable-content-inner\"><h2>Application Spingranny pour Windows et macOS<\/h2>\n<p>L\u2019exp\u00e9rience Spingranny App sur Windows et macOS fonctionne dans votre navigateur, ce qui vous permet de jouer sur ordinateur portable ou de bureau avec une vue en plein \u00e9cran. C\u2019est utile si vous pr\u00e9f\u00e9rez une fen\u00eatre de jeu plus grande, un changement rapide d\u2019onglets et une saisie plus simple lorsque vous g\u00e9rez votre compte.<\/p>\n<p>Sous Windows, de nombreux joueurs utilisent Chrome ou Edge. Sous macOS, Safari et Chrome fonctionnent g\u00e9n\u00e9ralement bien. Par exemple, si une machine \u00e0 sous se charge lentement ou si le lobby reste vide, ouvrir le site dans une fen\u00eatre priv\u00e9e r\u00e8gle souvent le probl\u00e8me, car le navigateur d\u00e9marre avec une session propre.<\/p>\n<p>Si un flux de jeu en direct para\u00eet flou, v\u00e9rifiez d\u2019abord votre connexion, puis fermez les autres applications gourmandes (comme les appels vid\u00e9o) pour lib\u00e9rer de la vitesse. Et lorsque vous effectuez un d\u00e9p\u00f4t, utilisez votre navigateur habituel et \u00e0 jour : les anciennes versions peuvent bloquer les pages de paiement ou les contr\u00f4les de s\u00e9curit\u00e9.<\/p>\n<p><img loading=\"lazy\" decoding=\"async\" src=\"https:\/\/thespingranny.org\/wp-content\/uploads\/2026\/02\/Spingranny-desktop-1024x440.webp\" alt=\"desktop\" width=\"1248\" height=\"536\" \/><\/p>\n<\/div><\/div><div style=\"clear: both\"><\/div><div class=\"d-flex justify-content-center\"><button data-item=\"decouvrez_link\" data-group=\"website_links\" class=\"goto fw-bold rounded-pill btn btn-orange\" aria-label=\"T\u00e9l\u00e9chargez l&#039;application Spingranny\" >T\u00e9l\u00e9chargez l&#039;application Spingranny<\/button><\/div><div class=\"scrollable-content-wrap my-5\"><div class=\"scrollable-content-inner\"><h2>FAQ<\/h2>\n<h3>La Spingranny App est-elle s\u00fbre \u00e0 utiliser ?<\/h3>\n<p>L\u2019exp\u00e9rience Spingranny App fonctionne sur notre plateforme web s\u00e9curis\u00e9e, avec des connexions chiffr\u00e9es pour les \u00e9tapes li\u00e9es au compte et aux paiements. Nous recommandons tout de m\u00eame d\u2019utiliser un mot de passe robuste et de vous connecter uniquement depuis des appareils et des r\u00e9seaux de confiance.<\/p>\n<h3>Puis-je utiliser les bonus dans la Spingranny App de la m\u00eame fa\u00e7on que sur ordinateur ?<\/h3>\n<p>Oui. Comme le mobile et l\u2019ordinateur utilisent la m\u00eame plateforme Spingranny, vous pouvez \u00e9galement profiter des promotions et utiliser des codes bonus sur mobile, \u00e0 condition de respecter les conditions en vigueur.<\/p>\n<h3>Quelles m\u00e9thodes de d\u00e9p\u00f4t puis-je utiliser dans la Spingranny App ?<\/h3>\n<p>Vous pouvez utiliser les m\u00eames options de d\u00e9p\u00f4t que celles visibles dans votre compte sur ordinateur, mais la disponibilit\u00e9 peut changer selon le pays et le statut de v\u00e9rification. Les choix courants incluent les cartes bancaires, les portefeuilles \u00e9lectroniques, le virement bancaire ou le paiement bancaire instantan\u00e9, ainsi que les cryptomonnaies lorsque cela est propos\u00e9.<\/p>\n<h3>Puis-je contacter l\u2019assistance via la Spingranny App ?<\/h3>\n<p>Oui. Vous pouvez nous contacter par chat en direct ou par courriel pendant que vous utilisez l\u2019exp\u00e9rience Spingranny App sur votre t\u00e9l\u00e9phone. Si vous avez un probl\u00e8me de d\u00e9p\u00f4t ou une question sur un jeu, envoyez-nous simplement un message : nous sommes toujours pr\u00eats \u00e0 vous aider.<\/p>\n<\/div><\/div><\/p>\n","protected":false},"excerpt":{"rendered":"<p>Spingranny App L\u2019exp\u00e9rience Spingranny App est disponible sur mobile : vous pouvez donc jouer directement depuis votre t\u00e9l\u00e9phone ou votre tablette, sans configuration suppl\u00e9mentaire. Notre site s\u2019adapte enti\u00e8rement aux \u00e9crans, ce qui signifie qu\u2019il s\u2019ajuste automatiquement aux diff\u00e9rentes tailles d\u2019\u00e9cran et aux types d\u2019appareils. Nous gardons une interface simple et rapide, afin que vous puissiez [&hellip;]<\/p>\n","protected":false},"author":1,"featured_media":0,"parent":0,"menu_order":0,"comment_status":"closed","ping_status":"closed","template":"template-builder.php","meta":{"_acf_changed":false,"inline_featured_image":false,"footnotes":""},"class_list":["post-1438","page","type-page","status-publish","hentry"],"acf":[],"yoast_head":"<!-- This site is optimized with the Yoast SEO plugin v27.3 - https:\/\/yoast.com\/product\/yoast-seo-wordpress\/ -->\n<title>Spingranny App : casino mobile sur navigateur pour Android, iOS et PC<\/title>\n<meta name=\"description\" content=\"Profitez de Spingranny App sur mobile ou ordinateur via un navigateur moderne. Design responsive, jeu tactile, cat\u00e9gories et recherche rapides, plus une connexion chiffr\u00e9e pour les actions du compte.\" \/>\n<meta name=\"robots\" content=\"index, follow, max-snippet:-1, max-image-preview:large, max-video-preview:-1\" \/>\n<link rel=\"canonical\" href=\"https:\/\/thespingranny.org\/fr\/app\/\" \/>\n<meta property=\"og:locale\" content=\"fr_FR\" \/>\n<meta property=\"og:type\" content=\"article\" \/>\n<meta property=\"og:title\" content=\"Spingranny App : casino mobile sur navigateur pour Android, iOS et PC\" \/>\n<meta property=\"og:description\" content=\"Profitez de Spingranny App sur mobile ou ordinateur via un navigateur moderne. Design responsive, jeu tactile, cat\u00e9gories et recherche rapides, plus une connexion chiffr\u00e9e pour les actions du compte.\" \/>\n<meta property=\"og:url\" content=\"https:\/\/thespingranny.org\/fr\/app\/\" \/>\n<meta property=\"og:site_name\" content=\"spingranny\" \/>\n<meta property=\"article:modified_time\" content=\"2026-02-05T14:03:15+00:00\" \/>\n<meta name=\"twitter:card\" content=\"summary_large_image\" \/>\n<meta name=\"twitter:label1\" content=\"Dur\u00e9e de lecture estim\u00e9e\" \/>\n\t<meta name=\"twitter:data1\" content=\"2 minutes\" \/>\n<script type=\"application\/ld+json\" class=\"yoast-schema-graph\">{\"@context\":\"https:\\\/\\\/schema.org\",\"@graph\":[{\"@type\":\"WebPage\",\"@id\":\"https:\\\/\\\/thespingranny.org\\\/fr\\\/app\\\/\",\"url\":\"https:\\\/\\\/thespingranny.org\\\/fr\\\/app\\\/\",\"name\":\"Spingranny App : casino mobile sur navigateur pour Android, iOS et PC\",\"isPartOf\":{\"@id\":\"https:\\\/\\\/thespingranny.org\\\/fr\\\/#website\"},\"datePublished\":\"2026-02-04T11:24:47+00:00\",\"dateModified\":\"2026-02-05T14:03:15+00:00\",\"description\":\"Profitez de Spingranny App sur mobile ou ordinateur via un navigateur moderne. Design responsive, jeu tactile, cat\u00e9gories et recherche rapides, plus une connexion chiffr\u00e9e pour les actions du compte.\",\"breadcrumb\":{\"@id\":\"https:\\\/\\\/thespingranny.org\\\/fr\\\/app\\\/#breadcrumb\"},\"inLanguage\":\"fr-FR\",\"potentialAction\":[{\"@type\":\"ReadAction\",\"target\":[\"https:\\\/\\\/thespingranny.org\\\/fr\\\/app\\\/\"]}]},{\"@type\":\"BreadcrumbList\",\"@id\":\"https:\\\/\\\/thespingranny.org\\\/fr\\\/app\\\/#breadcrumb\",\"itemListElement\":[{\"@type\":\"ListItem\",\"position\":1,\"name\":\"Spingranny\",\"item\":\"https:\\\/\\\/thespingranny.org\\\/fr\\\/\"},{\"@type\":\"ListItem\",\"position\":2,\"name\":\"App\"}]},{\"@type\":\"WebSite\",\"@id\":\"https:\\\/\\\/thespingranny.org\\\/fr\\\/#website\",\"url\":\"https:\\\/\\\/thespingranny.org\\\/fr\\\/\",\"name\":\"Spingranny\",\"description\":\"\",\"publisher\":{\"@id\":\"https:\\\/\\\/thespingranny.org\\\/fr\\\/#organization\"},\"potentialAction\":[{\"@type\":\"SearchAction\",\"target\":{\"@type\":\"EntryPoint\",\"urlTemplate\":\"https:\\\/\\\/thespingranny.org\\\/fr\\\/?s={search_term_string}\"},\"query-input\":{\"@type\":\"PropertyValueSpecification\",\"valueRequired\":true,\"valueName\":\"search_term_string\"}}],\"inLanguage\":\"fr-FR\"},{\"@type\":\"Organization\",\"@id\":\"https:\\\/\\\/thespingranny.org\\\/fr\\\/#organization\",\"name\":\"Spingranny\",\"url\":\"https:\\\/\\\/thespingranny.org\\\/fr\\\/\",\"logo\":{\"@type\":\"ImageObject\",\"inLanguage\":\"fr-FR\",\"@id\":\"https:\\\/\\\/thespingranny.org\\\/fr\\\/#\\\/schema\\\/logo\\\/image\\\/\",\"url\":\"https:\\\/\\\/thespingranny.org\\\/wp-content\\\/uploads\\\/2025\\\/04\\\/80u1FaquEZeR6OUTeJCc.svg\",\"contentUrl\":\"https:\\\/\\\/thespingranny.org\\\/wp-content\\\/uploads\\\/2025\\\/04\\\/80u1FaquEZeR6OUTeJCc.svg\",\"width\":129,\"height\":26,\"caption\":\"Spingranny\"},\"image\":{\"@id\":\"https:\\\/\\\/thespingranny.org\\\/fr\\\/#\\\/schema\\\/logo\\\/image\\\/\"}}]}<\/script>\n<!-- \/ Yoast SEO plugin. -->","yoast_head_json":{"title":"Spingranny App : casino mobile sur navigateur pour Android, iOS et PC","description":"Profitez de Spingranny App sur mobile ou ordinateur via un navigateur moderne. Design responsive, jeu tactile, cat\u00e9gories et recherche rapides, plus une connexion chiffr\u00e9e pour les actions du compte.","robots":{"index":"index","follow":"follow","max-snippet":"max-snippet:-1","max-image-preview":"max-image-preview:large","max-video-preview":"max-video-preview:-1"},"canonical":"https:\/\/thespingranny.org\/fr\/app\/","og_locale":"fr_FR","og_type":"article","og_title":"Spingranny App : casino mobile sur navigateur pour Android, iOS et PC","og_description":"Profitez de Spingranny App sur mobile ou ordinateur via un navigateur moderne. Design responsive, jeu tactile, cat\u00e9gories et recherche rapides, plus une connexion chiffr\u00e9e pour les actions du compte.","og_url":"https:\/\/thespingranny.org\/fr\/app\/","og_site_name":"spingranny","article_modified_time":"2026-02-05T14:03:15+00:00","twitter_card":"summary_large_image","twitter_misc":{"Dur\u00e9e de lecture estim\u00e9e":"2 minutes"},"schema":{"@context":"https:\/\/schema.org","@graph":[{"@type":"WebPage","@id":"https:\/\/thespingranny.org\/fr\/app\/","url":"https:\/\/thespingranny.org\/fr\/app\/","name":"Spingranny App : casino mobile sur navigateur pour Android, iOS et PC","isPartOf":{"@id":"https:\/\/thespingranny.org\/fr\/#website"},"datePublished":"2026-02-04T11:24:47+00:00","dateModified":"2026-02-05T14:03:15+00:00","description":"Profitez de Spingranny App sur mobile ou ordinateur via un navigateur moderne. Design responsive, jeu tactile, cat\u00e9gories et recherche rapides, plus une connexion chiffr\u00e9e pour les actions du compte.","breadcrumb":{"@id":"https:\/\/thespingranny.org\/fr\/app\/#breadcrumb"},"inLanguage":"fr-FR","potentialAction":[{"@type":"ReadAction","target":["https:\/\/thespingranny.org\/fr\/app\/"]}]},{"@type":"BreadcrumbList","@id":"https:\/\/thespingranny.org\/fr\/app\/#breadcrumb","itemListElement":[{"@type":"ListItem","position":1,"name":"Spingranny","item":"https:\/\/thespingranny.org\/fr\/"},{"@type":"ListItem","position":2,"name":"App"}]},{"@type":"WebSite","@id":"https:\/\/thespingranny.org\/fr\/#website","url":"https:\/\/thespingranny.org\/fr\/","name":"Spingranny","description":"","publisher":{"@id":"https:\/\/thespingranny.org\/fr\/#organization"},"potentialAction":[{"@type":"SearchAction","target":{"@type":"EntryPoint","urlTemplate":"https:\/\/thespingranny.org\/fr\/?s={search_term_string}"},"query-input":{"@type":"PropertyValueSpecification","valueRequired":true,"valueName":"search_term_string"}}],"inLanguage":"fr-FR"},{"@type":"Organization","@id":"https:\/\/thespingranny.org\/fr\/#organization","name":"Spingranny","url":"https:\/\/thespingranny.org\/fr\/","logo":{"@type":"ImageObject","inLanguage":"fr-FR","@id":"https:\/\/thespingranny.org\/fr\/#\/schema\/logo\/image\/","url":"https:\/\/thespingranny.org\/wp-content\/uploads\/2025\/04\/80u1FaquEZeR6OUTeJCc.svg","contentUrl":"https:\/\/thespingranny.org\/wp-content\/uploads\/2025\/04\/80u1FaquEZeR6OUTeJCc.svg","width":129,"height":26,"caption":"Spingranny"},"image":{"@id":"https:\/\/thespingranny.org\/fr\/#\/schema\/logo\/image\/"}}]}},"_links":{"self":[{"href":"https:\/\/thespingranny.org\/fr\/wp-json\/wp\/v2\/pages\/1438","targetHints":{"allow":["GET"]}}],"collection":[{"href":"https:\/\/thespingranny.org\/fr\/wp-json\/wp\/v2\/pages"}],"about":[{"href":"https:\/\/thespingranny.org\/fr\/wp-json\/wp\/v2\/types\/page"}],"author":[{"embeddable":true,"href":"https:\/\/thespingranny.org\/fr\/wp-json\/wp\/v2\/users\/1"}],"replies":[{"embeddable":true,"href":"https:\/\/thespingranny.org\/fr\/wp-json\/wp\/v2\/comments?post=1438"}],"version-history":[{"count":4,"href":"https:\/\/thespingranny.org\/fr\/wp-json\/wp\/v2\/pages\/1438\/revisions"}],"predecessor-version":[{"id":2008,"href":"https:\/\/thespingranny.org\/fr\/wp-json\/wp\/v2\/pages\/1438\/revisions\/2008"}],"wp:attachment":[{"href":"https:\/\/thespingranny.org\/fr\/wp-json\/wp\/v2\/media?parent=1438"}],"curies":[{"name":"wp","href":"https:\/\/api.w.org\/{rel}","templated":true}]}}